{"id":8702,"date":"2023-11-21T09:40:53","date_gmt":"2023-11-21T09:40:53","guid":{"rendered":"https:\/\/classics.report\/?page_id=8702"},"modified":"2026-01-31T16:31:20","modified_gmt":"2026-01-31T16:31:20","slug":"volkswagen-1600-l-karmann-ghia-typ-34-aktuell-zu-verkaufen","status":"publish","type":"page","link":"https:\/\/classics.report\/?page_id=8702","title":{"rendered":"Der Volkswagen 1600 L Karmann-Ghia Typ 34 ist verkauft (2026)"},"content":{"rendered":"\n<p>Ein sehr seltener Oldtimer aus der gro\u00dfen Familie der luftgek\u00fchlten Volkswagen!<\/p>\n\n\n\n<p>Bau- und Modelljahr 1968, 54 PS bei 4.000 U\/min., flacher Typ 3 Boxermotor mit serienm\u00e4\u00dfiger Doppelvergaseranlage. 2+2 Sitzer-Coup\u00e9, Automatik-Fahrzeug mit 940 kg Leergewicht und schon 12 Volt-Bordspannung.<\/p>\n\n\n\n<figure class=\"wp-block-image size-large\"><img decoding=\"async\" loading=\"lazy\" width=\"1024\" height=\"576\" src=\"https:\/\/classics.report\/wp-content\/uploads\/2023\/11\/20190309_113456-1024x576.jpg\" alt=\"\" class=\"wp-image-8706\" srcset=\"https:\/\/classics.report\/wp-content\/uploads\/2023\/11\/20190309_113456-1024x576.jpg 1024w, https:\/\/classics.report\/wp-content\/uploads\/2023\/11\/20190309_113456-300x169.jpg 300w, https:\/\/classics.report\/wp-content\/uploads\/2023\/11\/20190309_113456-768x432.jpg 768w, https:\/\/classics.report\/wp-content\/uploads\/2023\/11\/20190309_113456-1536x864.jpg 1536w, https:\/\/classics.report\/wp-content\/uploads\/2023\/11\/20190309_113456-2048x1152.jpg 2048w, https:\/\/classics.report\/wp-content\/uploads\/2023\/11\/20190309_113456-624x351.jpg 624w\" sizes=\"(max-width: 1024px) 100vw, 1024px\" \/><figcaption class=\"wp-element-caption\">Bild aus 2019 &#8211; noch vor der Wiederzulassung<\/figcaption><\/figure>\n\n\n\n<figure class=\"wp-block-image size-large\"><img decoding=\"async\" loading=\"lazy\" width=\"1024\" height=\"576\" src=\"https:\/\/classics.report\/wp-content\/uploads\/2023\/11\/20230220_131028169-1024x576.jpg\" alt=\"\" class=\"wp-image-8704\" srcset=\"https:\/\/classics.report\/wp-content\/uploads\/2023\/11\/20230220_131028169-1024x576.jpg 1024w, https:\/\/classics.report\/wp-content\/uploads\/2023\/11\/20230220_131028169-300x169.jpg 300w, https:\/\/classics.report\/wp-content\/uploads\/2023\/11\/20230220_131028169-768x432.jpg 768w, https:\/\/classics.report\/wp-content\/uploads\/2023\/11\/20230220_131028169-1536x864.jpg 1536w, https:\/\/classics.report\/wp-content\/uploads\/2023\/11\/20230220_131028169-2048x1152.jpg 2048w, https:\/\/classics.report\/wp-content\/uploads\/2023\/11\/20230220_131028169-624x351.jpg 624w\" sizes=\"(max-width: 1024px) 100vw, 1024px\" \/><figcaption class=\"wp-element-caption\">alle weiteren Bilder aktuell aus 2023<\/figcaption><\/figure>\n\n\n\n<p>Weitere fahrzeugspezifische Daten:<\/p>\n\n\n\n<ul>\n<li>derzeit auf einem 07er-Oldtimer-Sammlerkennzeichen angemeldet,<\/li>\n\n\n\n<li>fahrbereiter Zustand mit \u00e4lteren Restaurierungsarbeiten,<\/li>\n\n\n\n<li>Karosserie wei\u00df mit schwarzem Dach, Innenausstattung rot,<\/li>\n\n\n\n<li>deutscher Original-Pappbrief vorhanden mit 2 Haltereintragungen,<\/li>\n\n\n\n<li>26.030 km (abgelesener Tachostand),<\/li>\n\n\n\n<li>Zulassung 2\/1968, Stilllegung dann schon 1977 (nur 9 offizielle Zulassungsjahre),<\/li>\n\n\n\n<li>anschl. kein weiterer zugelassener Betrieb, 42 Stilllegensjahre &#8211; eine einzigartige Historie, Stlllegungsurkunde dabei,<\/li>\n\n\n\n<li>seit 2019 nach HU-Vollabnahme und Oldtimer-Gutachten wieder einsatzbereit,<\/li>\n\n\n\n<li>seit 14 Jahren in meinem Besitz, f\u00fcr Bewegungsfahrten u. Treffen im Einsatz.<\/li>\n<\/ul>\n\n\n\n<figure class=\"wp-block-image size-large\"><img decoding=\"async\" loading=\"lazy\" width=\"1024\" height=\"576\" src=\"https:\/\/classics.report\/wp-content\/uploads\/2023\/11\/20230220_124904171-1024x576.jpg\" alt=\"\" class=\"wp-image-8709\" srcset=\"https:\/\/classics.report\/wp-content\/uploads\/2023\/11\/20230220_124904171-1024x576.jpg 1024w, https:\/\/classics.report\/wp-content\/uploads\/2023\/11\/20230220_124904171-300x169.jpg 300w, https:\/\/classics.report\/wp-content\/uploads\/2023\/11\/20230220_124904171-768x432.jpg 768w, https:\/\/classics.report\/wp-content\/uploads\/2023\/11\/20230220_124904171-1536x864.jpg 1536w, https:\/\/classics.report\/wp-content\/uploads\/2023\/11\/20230220_124904171-2048x1152.jpg 2048w, https:\/\/classics.report\/wp-content\/uploads\/2023\/11\/20230220_124904171-624x351.jpg 624w\" sizes=\"(max-width: 1024px) 100vw, 1024px\" \/><\/figure>\n\n\n\n<figure class=\"wp-block-image size-large\"><img decoding=\"async\" loading=\"lazy\" width=\"1024\" height=\"576\" src=\"https:\/\/classics.report\/wp-content\/uploads\/2023\/11\/20230226_103431-1024x576.jpg\" alt=\"\" class=\"wp-image-8710\" srcset=\"https:\/\/classics.report\/wp-content\/uploads\/2023\/11\/20230226_103431-1024x576.jpg 1024w, https:\/\/classics.report\/wp-content\/uploads\/2023\/11\/20230226_103431-300x169.jpg 300w, https:\/\/classics.report\/wp-content\/uploads\/2023\/11\/20230226_103431-768x432.jpg 768w, https:\/\/classics.report\/wp-content\/uploads\/2023\/11\/20230226_103431-1536x864.jpg 1536w, https:\/\/classics.report\/wp-content\/uploads\/2023\/11\/20230226_103431-2048x1152.jpg 2048w, https:\/\/classics.report\/wp-content\/uploads\/2023\/11\/20230226_103431-624x351.jpg 624w\" sizes=\"(max-width: 1024px) 100vw, 1024px\" \/><\/figure>\n\n\n\n<figure class=\"wp-block-image size-large\"><img decoding=\"async\" loading=\"lazy\" width=\"1024\" height=\"576\" src=\"https:\/\/classics.report\/wp-content\/uploads\/2023\/11\/20230226_110358-1024x576.jpg\" alt=\"\" class=\"wp-image-8711\" srcset=\"https:\/\/classics.report\/wp-content\/uploads\/2023\/11\/20230226_110358-1024x576.jpg 1024w, https:\/\/classics.report\/wp-content\/uploads\/2023\/11\/20230226_110358-300x169.jpg 300w, https:\/\/classics.report\/wp-content\/uploads\/2023\/11\/20230226_110358-768x432.jpg 768w, https:\/\/classics.report\/wp-content\/uploads\/2023\/11\/20230226_110358-1536x864.jpg 1536w, https:\/\/classics.report\/wp-content\/uploads\/2023\/11\/20230226_110358-2048x1152.jpg 2048w, https:\/\/classics.report\/wp-content\/uploads\/2023\/11\/20230226_110358-624x351.jpg 624w\" sizes=\"(max-width: 1024px) 100vw, 1024px\" \/><\/figure>\n\n\n\n<figure class=\"wp-block-image size-large\"><img decoding=\"async\" loading=\"lazy\" width=\"1024\" height=\"576\" src=\"https:\/\/classics.report\/wp-content\/uploads\/2023\/11\/DSC02842-1024x576.jpg\" alt=\"\" class=\"wp-image-8726\" srcset=\"https:\/\/classics.report\/wp-content\/uploads\/2023\/11\/DSC02842-1024x576.jpg 1024w, https:\/\/classics.report\/wp-content\/uploads\/2023\/11\/DSC02842-300x169.jpg 300w, https:\/\/classics.report\/wp-content\/uploads\/2023\/11\/DSC02842-768x432.jpg 768w, https:\/\/classics.report\/wp-content\/uploads\/2023\/11\/DSC02842-1536x864.jpg 1536w, https:\/\/classics.report\/wp-content\/uploads\/2023\/11\/DSC02842-2048x1152.jpg 2048w, https:\/\/classics.report\/wp-content\/uploads\/2023\/11\/DSC02842-624x351.jpg 624w\" sizes=\"(max-width: 1024px) 100vw, 1024px\" \/><\/figure>\n\n\n\n<figure class=\"wp-block-embed is-type-video is-provider-youtube wp-block-embed-youtube wp-embed-aspect-16-9 wp-has-aspect-ratio\"><div class=\"wp-block-embed__wrapper\">\n<iframe loading=\"lazy\" title=\"Karmann Ghia Typ 34\" width=\"625\" height=\"352\" src=\"https:\/\/www.youtube.com\/embed\/HtEavM776gE?feature=oembed\" frameborder=\"0\" allow=\"accelerometer; autoplay; clipboard-write; encrypted-media; gyroscope; picture-in-picture; web-share\" referrerpolicy=\"strict-origin-when-cross-origin\" allowfullscreen><\/iframe>\n<\/div><\/figure>\n\n\n\n<p><\/p>\n\n\n\n<p>Mehr Information ist aus einer umfangreichen Karmann-Video-Dokumentation (Playlist mit u.a. vielen Werkstatt-Videos zw. 2019 und 2023 zum Typ 34) zu entnehmen.<\/p>\n\n\n\n<figure class=\"wp-block-embed is-type-video is-provider-youtube wp-block-embed-youtube wp-embed-aspect-16-9 wp-has-aspect-ratio\"><div class=\"wp-block-embed__wrapper\">\n<iframe loading=\"lazy\" title=\"Karmann Ghia\" width=\"625\" height=\"352\" src=\"https:\/\/www.youtube.com\/embed\/videoseries?list=PLy_mosBAF6EPYicSL3TGmO6O3prGM_xre\" frameborder=\"0\" allow=\"accelerometer; autoplay; clipboard-write; encrypted-media; gyroscope; picture-in-picture; web-share\" referrerpolicy=\"strict-origin-when-cross-origin\" allowfullscreen><\/iframe>\n<\/div><\/figure>\n\n\n\n<p><\/p>\n\n\n\n<hr class=\"wp-block-separator has-alpha-channel-opacity\"\/>\n\n\n\n<p class=\"has-text-align-center\">Bitte vereinbaren Sie einen Termin.<\/p>\n\n\n\n<p class=\"has-text-align-center\">Telefon +49 (0) 151 28 727 911<\/p>\n\n\n\n<p class=\"has-text-align-center\">dialog-911@t-online.de<\/p>\n","protected":false},"excerpt":{"rendered":"<p>Ein sehr seltener Oldtimer aus der gro\u00dfen Familie der luftgek\u00fchlten Volkswagen! Bau- und Modelljahr 1968, 54 PS bei 4.000 U\/min., flacher Typ 3 Boxermotor mit serienm\u00e4\u00dfiger Doppelvergaseranlage. 2+2 Sitzer-Coup\u00e9, Automatik-Fahrzeug mit 940 kg Leergewicht und schon 12 Volt-Bordspannung. Weitere fahrzeugspezifische Daten: Mehr Information ist aus einer umfangreichen Karmann-Video-Dokumentation (Playlist mit u.a. vielen Werkstatt-Videos zw. 2019 [&hellip;]<\/p>\n","protected":false},"author":1,"featured_media":0,"parent":0,"menu_order":0,"comment_status":"closed","ping_status":"closed","template":"","meta":[],"_links":{"self":[{"href":"https:\/\/classics.report\/index.php?rest_route=\/wp\/v2\/pages\/8702"}],"collection":[{"href":"https:\/\/classics.report\/index.php?rest_route=\/wp\/v2\/pages"}],"about":[{"href":"https:\/\/classics.report\/index.php?rest_route=\/wp\/v2\/types\/page"}],"author":[{"embeddable":true,"href":"https:\/\/classics.report\/index.php?rest_route=\/wp\/v2\/users\/1"}],"replies":[{"embeddable":true,"href":"https:\/\/classics.report\/index.php?rest_route=%2Fwp%2Fv2%2Fcomments&post=8702"}],"version-history":[{"count":30,"href":"https:\/\/classics.report\/index.php?rest_route=\/wp\/v2\/pages\/8702\/revisions"}],"predecessor-version":[{"id":8815,"href":"https:\/\/classics.report\/index.php?rest_route=\/wp\/v2\/pages\/8702\/revisions\/8815"}],"wp:attachment":[{"href":"https:\/\/classics.report\/index.php?rest_route=%2Fwp%2Fv2%2Fmedia&parent=8702"}],"curies":[{"name":"wp","href":"https:\/\/api.w.org\/{rel}","templated":true}]}}