{"id":6535,"date":"2019-01-01T00:55:32","date_gmt":"2019-01-01T00:55:32","guid":{"rendered":"http:\/\/classics.report\/?page_id=6535"},"modified":"2023-02-24T13:18:09","modified_gmt":"2023-02-24T13:18:09","slug":"2019-2","status":"publish","type":"page","link":"https:\/\/classics.report\/","title":{"rendered":"Beitr\u00e4ge 2023|21|20|19"},"content":{"rendered":"\n<figure class=\"wp-block-image size-large\"><a href=\"https:\/\/classics.report\/?p=8461\"><img decoding=\"async\" loading=\"lazy\" width=\"1024\" height=\"576\" src=\"https:\/\/classics.report\/wp-content\/uploads\/2023\/02\/DSC02842-1024x576.jpg\" alt=\"\" class=\"wp-image-8494\" srcset=\"https:\/\/classics.report\/wp-content\/uploads\/2023\/02\/DSC02842-1024x576.jpg 1024w, https:\/\/classics.report\/wp-content\/uploads\/2023\/02\/DSC02842-300x169.jpg 300w, https:\/\/classics.report\/wp-content\/uploads\/2023\/02\/DSC02842-768x432.jpg 768w, https:\/\/classics.report\/wp-content\/uploads\/2023\/02\/DSC02842-1536x864.jpg 1536w, https:\/\/classics.report\/wp-content\/uploads\/2023\/02\/DSC02842-2048x1152.jpg 2048w\" sizes=\"(max-width: 1024px) 100vw, 1024px\" \/><\/a><\/figure>\n\n\n\n<h4>Aus dem Bergrennen genommen (2\/2023 &#8211; Volkswagen, Karmann Ghia)<\/h4>\n\n\n\n<p>Warum steht der so bescheuert? Vorn einige Zentimter h\u00f6her als hinten: Liegt da noch ein halbes Schwein auf dem Motor  &#8230;<a href=\"https:\/\/classics.report\/?p=8461\">weiterlesen<\/a><\/p>\n\n\n\n<hr class=\"wp-block-separator has-alpha-channel-opacity is-style-wide\"\/>\n\n\n\n<figure class=\"wp-block-image size-large\"><a href=\"https:\/\/classics.report\/?p=8434\"><img decoding=\"async\" loading=\"lazy\" width=\"1024\" height=\"576\" src=\"https:\/\/classics.report\/wp-content\/uploads\/2023\/02\/20230203_124707-1024x576.jpg\" alt=\"\" class=\"wp-image-8453\" srcset=\"https:\/\/classics.report\/wp-content\/uploads\/2023\/02\/20230203_124707-1024x576.jpg 1024w, https:\/\/classics.report\/wp-content\/uploads\/2023\/02\/20230203_124707-300x169.jpg 300w, https:\/\/classics.report\/wp-content\/uploads\/2023\/02\/20230203_124707-768x432.jpg 768w, https:\/\/classics.report\/wp-content\/uploads\/2023\/02\/20230203_124707-1536x864.jpg 1536w, https:\/\/classics.report\/wp-content\/uploads\/2023\/02\/20230203_124707-2048x1152.jpg 2048w\" sizes=\"(max-width: 1024px) 100vw, 1024px\" \/><\/a><\/figure>\n\n\n\n<h4>chat.openai.com (2\/2023 &#8211; Event, Treffen)<\/h4>\n\n\n\n<p>Die Bremen Classic Motorshow ist eine j\u00e4hrliche Veranstaltung, bei der Klassiker-Autos, Motorr\u00e4der und Oldtimer gezeigt werden. Es findet in Bremen, Deutschland statt &#8230;<a href=\"https:\/\/classics.report\/?p=8434\">weiterlesen<\/a><\/p>\n\n\n\n<hr class=\"wp-block-separator has-alpha-channel-opacity is-style-wide\"\/>\n\n\n\n<figure class=\"wp-duotone-8c00b7-fcff41-1 wp-block-image size-large\"><a href=\"https:\/\/classics.report\/?p=8085\"><img decoding=\"async\" loading=\"lazy\" width=\"1024\" height=\"589\" src=\"https:\/\/classics.report\/wp-content\/uploads\/2021\/11\/PA030033x-1024x589.jpg\" alt=\"\" class=\"wp-image-8147\" srcset=\"https:\/\/classics.report\/wp-content\/uploads\/2021\/11\/PA030033x-1024x589.jpg 1024w, https:\/\/classics.report\/wp-content\/uploads\/2021\/11\/PA030033x-300x173.jpg 300w, https:\/\/classics.report\/wp-content\/uploads\/2021\/11\/PA030033x-768x442.jpg 768w, https:\/\/classics.report\/wp-content\/uploads\/2021\/11\/PA030033x-1200x690.jpg 1200w, https:\/\/classics.report\/wp-content\/uploads\/2021\/11\/PA030033x.jpg 1535w\" sizes=\"(max-width: 1024px) 100vw, 1024px\" \/><\/a><\/figure>\n\n\n\n<h6><strong>Typ 356 (11\/2021 &#8211; Porsche 356)<\/strong><\/h6>\n\n\n\n<p>Der Porsche Typ 356 C bietet die Karosserieformen Coup\u00e9 oder Cabriolet an. Auf Sonderwunsch gab es das Cabriolet mit einem Hardtop-Aufsatz &#8230;<a href=\"https:\/\/classics.report\/?p=8085\">weiterlesen<\/a><\/p>\n\n\n\n<hr class=\"wp-block-separator has-css-opacity is-style-wide\"\/>\n\n\n\n<figure class=\"wp-block-image size-large\"><a href=\"https:\/\/classics.report\/?p=8030(\u00f6ffnet in neuem Tab)\"><img decoding=\"async\" loading=\"lazy\" width=\"1024\" height=\"576\" src=\"https:\/\/classics.report\/wp-content\/uploads\/2021\/11\/DSC07128-1024x576.jpg\" alt=\"\" class=\"wp-image-8057\" srcset=\"https:\/\/classics.report\/wp-content\/uploads\/2021\/11\/DSC07128-1024x576.jpg 1024w, https:\/\/classics.report\/wp-content\/uploads\/2021\/11\/DSC07128-300x169.jpg 300w, https:\/\/classics.report\/wp-content\/uploads\/2021\/11\/DSC07128-768x432.jpg 768w, https:\/\/classics.report\/wp-content\/uploads\/2021\/11\/DSC07128-1536x864.jpg 1536w, https:\/\/classics.report\/wp-content\/uploads\/2021\/11\/DSC07128-2048x1152.jpg 2048w, https:\/\/classics.report\/wp-content\/uploads\/2021\/11\/DSC07128-1200x675.jpg 1200w\" sizes=\"(max-width: 1024px) 100vw, 1024px\" \/><\/a><\/figure>\n\n\n\n<h6><strong>Und was war mit Bulli &#8230;? (11\/2021 &#8211; Bulli)<\/strong><\/h6>\n\n\n\n<p>Nur weil ich besch\u00e4ftigt bin ist Pause hier? Blogger-Pause? Tatsache &#8211; seit \u00fcber einem Jahr kein Beitrag an dieser Stelle. War bei YouTube aktiv &#8230;<a href=\"https:\/\/classics.report\/?p=8030(ffnet%20in%20neuem%20Tab\">weiterlesen<\/a><\/p>\n\n\n\n<hr class=\"wp-block-separator has-css-opacity is-style-wide\"\/>\n\n\n\n<figure class=\"wp-block-image size-large\"><a href=\"https:\/\/classics.report\/?p=7906\"><img decoding=\"async\" loading=\"lazy\" width=\"1024\" height=\"576\" src=\"https:\/\/classics.report\/wp-content\/uploads\/2020\/08\/DSC07655-1024x576.jpg\" alt=\"\" class=\"wp-image-7918\" srcset=\"https:\/\/classics.report\/wp-content\/uploads\/2020\/08\/DSC07655-1024x576.jpg 1024w, https:\/\/classics.report\/wp-content\/uploads\/2020\/08\/DSC07655-300x169.jpg 300w, https:\/\/classics.report\/wp-content\/uploads\/2020\/08\/DSC07655-768x432.jpg 768w, https:\/\/classics.report\/wp-content\/uploads\/2020\/08\/DSC07655-624x351.jpg 624w\" sizes=\"(max-width: 1024px) 100vw, 1024px\" \/><\/a><\/figure>\n\n\n\n<h6>Der 1600 TL von 1967 verl\u00e4sst die Autosammlung (8\/2020 &#8211; andere VW)<\/h6>\n\n\n\n<p>2014 habe ich den Typ 3 gekauft, vor 6 Jahren. Und jetzt die  unglaubliche Bilanz nach dieser Zeit &#8211; 130 km haben wir an gemeinsamer  Wegstrecke geschafft &#8230;<strong><a href=\"https:\/\/classics.report\/?p=7906\">weiterlesen<\/a><\/strong><\/p>\n\n\n\n<hr class=\"wp-block-separator has-css-opacity is-style-wide\"\/>\n\n\n<div class=\"wp-block-image\">\n<figure class=\"alignleft\"><a href=\"https:\/\/classics.report\/?p=7824\"><img decoding=\"async\" loading=\"lazy\" width=\"150\" height=\"150\" src=\"https:\/\/classics.report\/wp-content\/uploads\/2019\/11\/6504_20120519-100210x-150x150.jpg\" alt=\"\" class=\"wp-image-7836\"\/><\/a><\/figure><\/div>\n\n\n<p><strong>Mutter, Mutter, wie weit darf ich reisen? (11\/2019 &#8211; Bulli)<\/strong><\/p>\n\n\n\n<p>Ein Kind war die Mutter, die anderen Kinder standen in der Reihe und mit einigem Abstand davor. Nach der Reihe fragten die Kinder: &#8222;Mutter, Mutter, wie weit darf ich reisen?&#8220; Die beste Antwort, die von uns in diesem Kinderspiel gegeben wurde, &#8230;<a href=\"https:\/\/classics.report\/?p=7824\"><strong>weiterlesen<\/strong><\/a><\/p>\n\n\n\n<hr class=\"wp-block-separator has-css-opacity is-style-wide\"\/>\n\n\n<div class=\"wp-block-image\">\n<figure class=\"alignleft\"><a href=\"https:\/\/classics.report\/?p=7441\"><img decoding=\"async\" loading=\"lazy\" width=\"150\" height=\"150\" src=\"https:\/\/classics.report\/wp-content\/uploads\/2019\/03\/coupe4-150x150.jpg\" alt=\"\" class=\"wp-image-7442\"\/><\/a><\/figure><\/div>\n\n\n<p><strong>KG Typ 34 reloaded &#8211; Pimpen (7\/2019 &#8211; Karmann Ghia)<\/strong><\/p>\n\n\n\n<p>So wie im Prospekt sieht mein Karmann Ghia nicht mehr aus. Er hat nach 51 Jahren so viele Lackfehler wie ein Leopard Flecken im Fell. Die Hauptuntersuchung (T\u00dcV) besteht er zwar, Mechanik, Karosserie, Antrieb, &#8230;<a href=\"https:\/\/classics.report\/?p=7441\"><strong>weiterlesen im 3. Beitragsteil<\/strong><\/a><\/p>\n\n\n\n<hr class=\"wp-block-separator has-css-opacity is-style-wide\"\/>\n\n\n<div class=\"wp-block-image\">\n<figure class=\"alignleft\"><a href=\"https:\/\/classics.report\/?p=7176\"><img decoding=\"async\" loading=\"lazy\" width=\"150\" height=\"150\" src=\"https:\/\/classics.report\/wp-content\/uploads\/2019\/01\/20190124_133835x-150x150.jpg\" alt=\"\" class=\"wp-image-7178\"\/><\/a><\/figure><\/div>\n\n\n<p><strong>Targa, Teppich, feddich (6\/2019 &#8211; Porsche, 911)<\/strong><\/p>\n\n\n\n<p>Der offene Wagen wird fertig &#8211; der Porsche 911 Targa. Zuletzt fehlte noch der Teppich in meinem 2,2 T von 1970. Das ist jetzt erledeigt, die Restaurierung ist abgeschlossen. Wenn das Wetter passt, wird das heraushebbare  &#8230;<a href=\"https:\/\/classics.report\/?p=7176\"><strong>weiterlesen<\/strong><\/a><\/p>\n\n\n\n<hr class=\"wp-block-separator has-css-opacity is-style-wide\"\/>\n\n\n<div class=\"wp-block-image\">\n<figure class=\"alignleft\"><a href=\"https:\/\/classics.report\/?p=7709\"><img decoding=\"async\" loading=\"lazy\" width=\"150\" height=\"150\" src=\"https:\/\/classics.report\/wp-content\/uploads\/2019\/05\/BuHix-150x150.jpg\" alt=\"\" class=\"wp-image-7715\"\/><\/a><\/figure><\/div>\n\n\n<p><strong>1. Mai &#8211; K\u00e4fer &#8211; Feiertag (5\/2019 &#8211; Event, Treffen)<\/strong><\/p>\n\n\n\n<p>Hannover &#8211; hier treffen sich am 1. Mai die Leute mit den etwas anderen Autos. Heckmotorwagen, alle mit dem gleichen Konstruktionsprinzip im Maschinenraum: luftgek\u00fchlte 4_Zyl.- Boxermotoren &#8230;<a href=\"https:\/\/classics.report\/?p=7709\"><strong>weiterlesen<\/strong><\/a><\/p>\n\n\n\n<hr class=\"wp-block-separator has-css-opacity is-style-wide\"\/>\n\n\n<div class=\"wp-block-image\">\n<figure class=\"alignleft\"><a href=\"https:\/\/classics.report\/?p=7601\"><img decoding=\"async\" loading=\"lazy\" width=\"150\" height=\"150\" src=\"https:\/\/classics.report\/wp-content\/uploads\/2019\/04\/xDSC00422x-150x150.jpg\" alt=\"\" class=\"wp-image-7653\"\/><\/a><\/figure><\/div>\n\n\n<p><strong>Techno Classica 2019 &#8211; Messehighlight &#8211; 50 Jahre 914 (4\/2019 &#8211; sonstige Porsche)<\/strong><\/p>\n\n\n\n<p>50 Jahre Porsche 914 \u2013 da habe ich in diesem Jahr auch ein Glanzst\u00fcck am Porsche-Stand in Essen erwartet! Aus dem Museum in Stuttgart mitgebracht war der &#8230;<a href=\"https:\/\/classics.report\/?p=7601\"><strong>weiterlesen<\/strong><\/a><\/p>\n\n\n\n<hr class=\"wp-block-separator has-css-opacity is-style-wide\"\/>\n\n\n<div class=\"wp-block-image\">\n<figure class=\"alignleft\"><a href=\"https:\/\/classics.report\/?p=7536\"><img decoding=\"async\" loading=\"lazy\" width=\"150\" height=\"150\" src=\"https:\/\/classics.report\/wp-content\/uploads\/2019\/03\/DSC00097x-150x150.jpg\" alt=\"\" class=\"wp-image-7566\"\/><\/a><\/figure><\/div>\n\n\n<p><strong>Na Ovali, wie w\u00e4r&#8217;s mit einer kleinen Ausfahrt? (3\/2019 &#8211; Erinnerungen)<\/strong><\/p>\n\n\n\n<p>Abgewandelt, aber irgendwie so schon einmal geh\u00f6rt? Dann geh\u00f6rst du zur Kinder-Generation der 60er, &#8230;. Und die legend\u00e4ren Worte im Vorspann der Western-Geschichten &#8230;<strong><a href=\"https:\/\/classics.report\/?p=7536\">weiterlesen<\/a><\/strong><\/p>\n\n\n\n<hr class=\"wp-block-separator has-css-opacity is-style-wide\"\/>\n\n\n<div class=\"wp-block-image\">\n<figure class=\"alignleft\"><a href=\"https:\/\/classics.report\/?p=7388\"><img decoding=\"async\" loading=\"lazy\" width=\"150\" height=\"150\" src=\"https:\/\/classics.report\/wp-content\/uploads\/2019\/03\/20190306_103706-150x150.jpg\" alt=\"\" class=\"wp-image-7405\"\/><\/a><\/figure><\/div>\n\n\n<p><strong>4-Zylinder Mittelmotorstory &#8211; hast Du Bock auf ein Fotoshooting? (3\/2019 &#8211; sonstige Porsche)<\/strong><\/p>\n\n\n\n<p>Anruf vom Delius Klasing Verlag, Thorsten Elbrigmann meldete sich vor 14 Tagen bei mir: &#8222;Wir machen zu 50 Jahre Porsche 914 eine Story im neuen Heft&#8220; &#8230;.<a href=\"https:\/\/classics.report\/?p=7388\"><strong>weiterlesen<\/strong><\/a><\/p>\n\n\n\n<hr class=\"wp-block-separator has-css-opacity is-style-wide\"\/>\n\n\n<div class=\"wp-block-image\">\n<figure class=\"alignleft\"><a href=\"https:\/\/classics.report\/?p=7166\"><img decoding=\"async\" loading=\"lazy\" width=\"150\" height=\"150\" src=\"https:\/\/classics.report\/wp-content\/uploads\/2019\/01\/IMG_1220-150x150.jpg\" alt=\"\" class=\"wp-image-7186\"\/><\/a><\/figure><\/div>\n\n\n<p><strong>KG Typ 34 reloaded &#8211; (1 u.2\/2019 &#8211; Karmann Ghia)<\/strong><\/p>\n\n\n\n<p><strong>warum normal, wenns\u00b4auch anders geht.<\/strong> Die alte Karmann-Werbung, die ich auf der R\u00fcckseite einer <em>Guten Fahrt<\/em> von 1965 gefunden habe, verursacht &#8230;.<a href=\"https:\/\/classics.report\/?p=7300\"><strong>weiterlesen in Beitrag 2<\/strong><\/a><\/p>\n\n\n\n<p><strong>alles au\u00dfer gew\u00f6hnlich.<\/strong> Nach kaum 8-j\u00e4hriger Produktionszeit (1961-69) verschwand der Karmann Ghia Typ 34 vom Band ohne einen wirklichen Nachfolger &#8230;.<a href=\"https:\/\/classics.report\/?p=7166\"><strong>weiterlesen in Beitrag 1<\/strong><\/a><\/p>\n\n\n\n<hr class=\"wp-block-separator has-css-opacity is-style-wide\"\/>\n\n\n<div class=\"wp-block-image\">\n<figure class=\"alignleft\"><a href=\"https:\/\/classics.report\/?p=6551\"><img decoding=\"async\" loading=\"lazy\" width=\"150\" height=\"150\" src=\"https:\/\/classics.report\/wp-content\/uploads\/2019\/01\/nurburg57-150x150.jpg\" alt=\"\" class=\"wp-image-7060\"\/><\/a><\/figure><\/div>\n\n\n<p><strong>Contiturm beinahe fertig (1\/2012 &#8211; Schaupl\u00e4tze)<\/strong><\/p>\n\n\n\n<p>Manchmal ist man einsam mit seinen <em>verr\u00fcckten<\/em> Ideen, die so recht keiner nachvollziehen kann: \u201eWas wird das?\u201c Oder besser:&nbsp;\u201eWarum machst du das?\u201c Aber es gibt Ausnahmetage, da ruft ein wildfremder Mensch an &#8230;.<a href=\"https:\/\/classics.report\/?p=6551\"><strong>weiterlesen<\/strong><\/a><\/p>\n\n\n\n<hr class=\"wp-block-separator has-css-opacity is-style-wide\"\/>\n\n\n<div class=\"wp-block-image\">\n<figure class=\"alignleft\"><a href=\"https:\/\/classics.report\/?p=6960\"><img decoding=\"async\" loading=\"lazy\" width=\"150\" height=\"150\" src=\"https:\/\/classics.report\/wp-content\/uploads\/2018\/12\/20181231_104525-150x150.jpg\" alt=\"\" class=\"wp-image-6993\"\/><\/a><\/figure><\/div>\n\n\n<p><strong>Spring an, du alte Hippe! (1\/2019 &#8211; Zweirad)<\/strong><\/p>\n\n\n\n<p>Dieter f\u00e4hrt sie nicht. Nie &#8211; wirklich noch nie! Seit einem Jahr steht die KTM 600 LC 4 bei ihm. Er nennt sie <em>Witwenmacher<\/em> und spricht vom enormen Drehmoment der 4-Takt-Einzylindermaschine von immerhin schon Baujahr 1998. &#8230;.<strong><a href=\"https:\/\/classics.report\/?p=6960\">weiterlesen<\/a><\/strong><a href=\"https:\/\/classics.report\/?p=6960\"> <\/a><\/p>\n\n\n\n<p>                                                                         <\/p>\n","protected":false},"excerpt":{"rendered":"<p>Aus dem Bergrennen genommen (2\/2023 &#8211; Volkswagen, Karmann Ghia) Warum steht der so bescheuert? Vorn einige Zentimter h\u00f6her als hinten: Liegt da noch ein halbes Schwein auf dem Motor &#8230;weiterlesen chat.openai.com (2\/2023 &#8211; Event, Treffen) Die Bremen Classic Motorshow ist eine j\u00e4hrliche Veranstaltung, bei der Klassiker-Autos, Motorr\u00e4der und Oldtimer gezeigt werden. Es findet in Bremen, [&hellip;]<\/p>\n","protected":false},"author":1,"featured_media":0,"parent":0,"menu_order":0,"comment_status":"closed","ping_status":"closed","template":"","meta":[],"_links":{"self":[{"href":"https:\/\/classics.report\/index.php?rest_route=\/wp\/v2\/pages\/6535"}],"collection":[{"href":"https:\/\/classics.report\/index.php?rest_route=\/wp\/v2\/pages"}],"about":[{"href":"https:\/\/classics.report\/index.php?rest_route=\/wp\/v2\/types\/page"}],"author":[{"embeddable":true,"href":"https:\/\/classics.report\/index.php?rest_route=\/wp\/v2\/users\/1"}],"replies":[{"embeddable":true,"href":"https:\/\/classics.report\/index.php?rest_route=%2Fwp%2Fv2%2Fcomments&post=6535"}],"version-history":[{"count":170,"href":"https:\/\/classics.report\/index.php?rest_route=\/wp\/v2\/pages\/6535\/revisions"}],"predecessor-version":[{"id":8499,"href":"https:\/\/classics.report\/index.php?rest_route=\/wp\/v2\/pages\/6535\/revisions\/8499"}],"wp:attachment":[{"href":"https:\/\/classics.report\/index.php?rest_route=%2Fwp%2Fv2%2Fmedia&parent=6535"}],"curies":[{"name":"wp","href":"https:\/\/api.w.org\/{rel}","templated":true}]}}