{"id":108,"date":"2015-05-26T19:00:25","date_gmt":"2015-05-26T19:00:25","guid":{"rendered":"http:\/\/classics.report\/?page_id=108"},"modified":"2026-01-23T10:18:48","modified_gmt":"2026-01-23T10:18:48","slug":"about","status":"publish","type":"page","link":"https:\/\/classics.report\/?page_id=108","title":{"rendered":"Wer bloggt?|Impressum"},"content":{"rendered":"\n<h3>Privater Weblog von Olaf Johannes H\u00e4ner (65)<em><br><\/em><\/h3>\n\n\n\n<p>Freunde, Schrauber und Autoliebhaber &#8211; der Blog ist f\u00fcr Euch geschrieben. Es geht um das Sammeln, das Fahren und um die Restaurierung alter Autos. Mit den Blog-Beitr\u00e4gen m\u00f6chte ich etwas von den Hobbyinhalten erz\u00e4hlen, Euch anvertrauen. Dabei hat sich mein Fokus bei den Klassikern zu Porsche und den luftgek\u00fchlten Volkswagen entwickelt. Historische Kulissen oder konkret alte Tankstellen haben es mir ebenso angetan, auch dazu wird gelegentlich ein Beitrag eingestellt.<\/p>\n\n\n\n<p><iframe loading=\"lazy\" src=\"https:\/\/www.youtube.com\/embed\/7iSil-9Khas?rel=0\" width=\"560\" height=\"315\" frameborder=\"0\" allowfullscreen=\"allowfullscreen\"><\/iframe><\/p>\n\n\n\n<p>Wer mehr \u00fcber mich und die Verbindung zu Automobilem erfahren m\u00f6chte, der schaut beispielsweise nach unter den Beitr\u00e4gen:<\/p>\n\n\n<div class=\"wp-block-image\">\n<figure class=\"alignright\"><a href=\"https:\/\/classics.report\/wp-content\/uploads\/2015\/05\/froemmel_050416_713.jpg\"><img decoding=\"async\" loading=\"lazy\" width=\"300\" height=\"200\" src=\"https:\/\/classics.report\/wp-content\/uploads\/2015\/05\/froemmel_050416_713-300x200.jpg\" alt=\"froemmel_050416_713\" class=\"wp-image-3302\" srcset=\"https:\/\/classics.report\/wp-content\/uploads\/2015\/05\/froemmel_050416_713-300x200.jpg 300w, https:\/\/classics.report\/wp-content\/uploads\/2015\/05\/froemmel_050416_713.jpg 350w\" sizes=\"(max-width: 300px) 100vw, 300px\" \/><\/a><\/figure><\/div>\n\n\n<ul>\n<li><a href=\"https:\/\/classics.report\/?p=3817\"><span style=\"color: #ff6600;\">Gibt es das K\u00e4fer-Gen? Und wenn ja, wird es vererbt?<\/span><\/a><\/li>\n\n\n\n<li><a href=\"https:\/\/classics.report\/?p=3615\"><span style=\"color: #ff6600;\">911 G efragt<\/span><\/a><\/li>\n\n\n\n<li><a href=\"https:\/\/www.youtube.com\/watch?v=N3Vjq7VuOl0&amp;t=66s\"><span style=\"color: #ff6600;\">50 Jahre Porsche 911 (YouTube)<\/span><\/a><\/li>\n<\/ul>\n\n\n\n<p>Trau Dich einen Kommentar zu schreiben! Einfach die Kommentar-Box unter den Beitr\u00e4gen verwenden oder ein Statement bei den YouTube-Videos abgeben.&nbsp;<img decoding=\"async\" loading=\"lazy\" width=\"33\" height=\"21\" class=\"alignnone size-full wp-image-5014\" src=\"https:\/\/classics.report\/wp-content\/uploads\/2018\/01\/daumen-1.jpg\" alt=\"\"><\/p>\n\n\n\n<hr class=\"wp-block-separator has-alpha-channel-opacity\"\/>\n\n\n\n<h3>Presse <\/h3>\n\n\n\n<div class=\"wp-block-file\"><object class=\"wp-block-file__embed\" data=\"https:\/\/classics.report\/wp-content\/uploads\/2023\/11\/911Targa_28.10.Kreisseite.pdf\" type=\"application\/pdf\" style=\"width:100%;height:600px\" aria-label=\"Einbettung von 911Targa_28.10.Kreisseite.\"><\/object><a id=\"wp-block-file--media-b929bfdc-a22e-4fb3-b227-035201801273\" href=\"https:\/\/classics.report\/wp-content\/uploads\/2023\/11\/911Targa_28.10.Kreisseite.pdf\">911Targa_28.10.Kreisseite<\/a><a href=\"https:\/\/classics.report\/wp-content\/uploads\/2023\/11\/911Targa_28.10.Kreisseite.pdf\" class=\"wp-block-file__button wp-element-button\" download aria-describedby=\"wp-block-file--media-b929bfdc-a22e-4fb3-b227-035201801273\">Herunterladen<\/a><\/div>\n\n\n\n<div class=\"wp-block-file\"><object class=\"wp-block-file__embed\" data=\"https:\/\/classics.report\/wp-content\/uploads\/2023\/11\/Einsteiger-Typen.pdf\" type=\"application\/pdf\" style=\"width:100%;height:600px\" aria-label=\"Einbettung von Einsteiger-Typen.\"><\/object><a id=\"wp-block-file--media-2ef72bb4-3dc8-44b3-adc2-ed802c3b3fec\" href=\"https:\/\/classics.report\/wp-content\/uploads\/2023\/11\/Einsteiger-Typen.pdf\">Einsteiger-Typen<\/a><a href=\"https:\/\/classics.report\/wp-content\/uploads\/2023\/11\/Einsteiger-Typen.pdf\" class=\"wp-block-file__button wp-element-button\" download aria-describedby=\"wp-block-file--media-2ef72bb4-3dc8-44b3-adc2-ed802c3b3fec\">Herunterladen<\/a><\/div>\n\n\n\n<hr class=\"wp-block-separator has-alpha-channel-opacity\"\/>\n\n\n\n<h3>Impressum \/ Kontakte<\/h3>\n\n\n<div class=\"wp-block-image\">\n<figure class=\"alignright\"><a href=\"https:\/\/classics.report\/wp-content\/uploads\/2015\/05\/Visi.jpg\"><img decoding=\"async\" loading=\"lazy\" width=\"300\" height=\"190\" src=\"https:\/\/classics.report\/wp-content\/uploads\/2015\/05\/Visi-300x190.jpg\" alt=\"Visi\" class=\"wp-image-3344\" srcset=\"https:\/\/classics.report\/wp-content\/uploads\/2015\/05\/Visi-300x190.jpg 300w, https:\/\/classics.report\/wp-content\/uploads\/2015\/05\/Visi-1024x650.jpg 1024w, https:\/\/classics.report\/wp-content\/uploads\/2015\/05\/Visi-624x396.jpg 624w\" sizes=\"(max-width: 300px) 100vw, 300px\" \/><\/a><\/figure><\/div>\n\n\n<p>classics.report wird <em>auf Touren gebracht<\/em> von Olaf Johannes H\u00e4ner<\/p>\n\n\n\n<ul>\n<li>E-Mail:&nbsp; <a href=\"mailto:dialog-911@t-online.de\"><strong>dialog-911@t-online.de<\/strong><\/a><\/li>\n\n\n\n<li>YT: <a href=\"https:\/\/www.youtube.com\/@classics.report\/\">youtube.com\/@classics.report\/<\/a><\/li>\n\n\n\n<li>linkedin: <a href=\"http:\/\/www.linkedin.com\/in\/classics-report\"><span class=\"vanity-name__domain\">linkedin.com\/in\/classics-report<\/span><\/a><\/li>\n\n\n\n<li>Telefon und WhatsApp:&nbsp; <strong>+49 (0)151 28 727 911<\/strong><\/li>\n\n\n\n<li>Insta: olaf6379<\/li>\n<\/ul>\n\n\n\n<figure class=\"wp-block-image size-large is-resized\"><img decoding=\"async\" loading=\"lazy\" src=\"https:\/\/classics.report\/wp-content\/uploads\/2026\/01\/Unbenannt-884x1024.jpg\" alt=\"\" class=\"wp-image-8805\" width=\"352\" height=\"407\" srcset=\"https:\/\/classics.report\/wp-content\/uploads\/2026\/01\/Unbenannt-884x1024.jpg 884w, https:\/\/classics.report\/wp-content\/uploads\/2026\/01\/Unbenannt-259x300.jpg 259w, https:\/\/classics.report\/wp-content\/uploads\/2026\/01\/Unbenannt-768x890.jpg 768w, https:\/\/classics.report\/wp-content\/uploads\/2026\/01\/Unbenannt-1326x1536.jpg 1326w, https:\/\/classics.report\/wp-content\/uploads\/2026\/01\/Unbenannt-1768x2048.jpg 1768w, https:\/\/classics.report\/wp-content\/uploads\/2026\/01\/Unbenannt-624x723.jpg 624w\" sizes=\"(max-width: 352px) 100vw, 352px\" \/><\/figure>\n\n\n\n<hr class=\"wp-block-separator has-alpha-channel-opacity\"\/>\n\n\n\n<ul>\n<li>Copyright beachten! Du willst Fotos oder Inhalte von classics.report nutzen? M.d.B um vorherige Kontaktaufnahme!<\/li>\n\n\n\n<li>Zur Vermeidung und Zurechnung fremder Meinungen sind externe Links auf dieser Seite&nbsp; klar gekennzeichnet und werden in einem neuen Browser-Fenster ge\u00f6ffnet.<\/li>\n\n\n\n<li>classics.report ist als privater blog darum bem\u00fcht s\u00e4mtliche rechtlichen Vorgaben, die mir bekannt sind, zu beachten. Falls doch Marken- oder Urheberrechte ber\u00fchrt werden, m\u00f6chte ich dich bitten, mich im Falle einer unwissentlichen Verletzung o.g. Rechte kurzfristig zu kontaktieren. Ich werde s\u00e4mtliche ggf. bestehenden Verletzungen dann umgehend aufheben!<\/li>\n\n\n\n<li>Hinweise zur <a href=\"https:\/\/classics.report\/?page_id=8414\"><span style=\"color: #ff6600;\">Datenschutzerkl\u00e4rung<\/span><\/a>.<\/li>\n<\/ul>\n","protected":false},"excerpt":{"rendered":"<p>Privater Weblog von Olaf Johannes H\u00e4ner (65) Freunde, Schrauber und Autoliebhaber &#8211; der Blog ist f\u00fcr Euch geschrieben. Es geht um das Sammeln, das Fahren und um die Restaurierung alter Autos. Mit den Blog-Beitr\u00e4gen m\u00f6chte ich etwas von den Hobbyinhalten erz\u00e4hlen, Euch anvertrauen. Dabei hat sich mein Fokus bei den Klassikern zu Porsche und den [&hellip;]<\/p>\n","protected":false},"author":1,"featured_media":0,"parent":0,"menu_order":0,"comment_status":"open","ping_status":"open","template":"","meta":[],"_links":{"self":[{"href":"https:\/\/classics.report\/index.php?rest_route=\/wp\/v2\/pages\/108"}],"collection":[{"href":"https:\/\/classics.report\/index.php?rest_route=\/wp\/v2\/pages"}],"about":[{"href":"https:\/\/classics.report\/index.php?rest_route=\/wp\/v2\/types\/page"}],"author":[{"embeddable":true,"href":"https:\/\/classics.report\/index.php?rest_route=\/wp\/v2\/users\/1"}],"replies":[{"embeddable":true,"href":"https:\/\/classics.report\/index.php?rest_route=%2Fwp%2Fv2%2Fcomments&post=108"}],"version-history":[{"count":207,"href":"https:\/\/classics.report\/index.php?rest_route=\/wp\/v2\/pages\/108\/revisions"}],"predecessor-version":[{"id":8807,"href":"https:\/\/classics.report\/index.php?rest_route=\/wp\/v2\/pages\/108\/revisions\/8807"}],"wp:attachment":[{"href":"https:\/\/classics.report\/index.php?rest_route=%2Fwp%2Fv2%2Fmedia&parent=108"}],"curies":[{"name":"wp","href":"https:\/\/api.w.org\/{rel}","templated":true}]}}